{"id":2189,"date":"2021-05-04T15:10:56","date_gmt":"2021-05-04T13:10:56","guid":{"rendered":"https:\/\/bryggerikrogen.se\/?page_id=2189"},"modified":"2026-03-07T17:13:35","modified_gmt":"2026-03-07T16:13:35","slug":"restaurangen-duplicate-1-4","status":"publish","type":"page","link":"https:\/\/bryggerikrogen.se\/?page_id=2189","title":{"rendered":"Konferens\/Julbord\/Event f\u00f6r f\u00f6retag"},"content":{"rendered":"\n<p><\/p>\n\n\n\n<div class=\"wp-block-group alignfull has-white-background-color has-background is-layout-flow wp-block-group-is-layout-flow\"><div class=\"wp-block-group__inner-container\">\n<div class=\"wp-block-columns alignwide is-layout-flex wp-container-core-columns-layout-1 wp-block-columns-is-layout-flex\">\n<div class=\"wp-block-column is-layout-flow wp-block-column-is-layout-flow\" style=\"flex-basis:35%\">\n<figure class=\"wp-block-image\"><img loading=\"lazy\" decoding=\"async\" width=\"683\" height=\"1024\" src=\"https:\/\/bryggerikrogen.se\/wp-content\/uploads\/2023\/10\/DSC02724-683x1024.jpg\" alt=\"\" class=\"wp-image-3406\" srcset=\"https:\/\/bryggerikrogen.se\/wp-content\/uploads\/2023\/10\/DSC02724-683x1024.jpg 683w, https:\/\/bryggerikrogen.se\/wp-content\/uploads\/2023\/10\/DSC02724-200x300.jpg 200w, https:\/\/bryggerikrogen.se\/wp-content\/uploads\/2023\/10\/DSC02724-768x1151.jpg 768w, https:\/\/bryggerikrogen.se\/wp-content\/uploads\/2023\/10\/DSC02724-1025x1536.jpg 1025w, https:\/\/bryggerikrogen.se\/wp-content\/uploads\/2023\/10\/DSC02724-1366x2048.jpg 1366w, https:\/\/bryggerikrogen.se\/wp-content\/uploads\/2023\/10\/DSC02724-1200x1799.jpg 1200w, https:\/\/bryggerikrogen.se\/wp-content\/uploads\/2023\/10\/DSC02724-1980x2968.jpg 1980w, https:\/\/bryggerikrogen.se\/wp-content\/uploads\/2023\/10\/DSC02724-scaled.jpg 1708w\" sizes=\"(max-width: 683px) 100vw, 683px\" \/><\/figure>\n\n\n\n<figure class=\"wp-block-gallery has-nested-images columns-default is-cropped wp-block-gallery-1 is-layout-flex wp-block-gallery-is-layout-flex\">\n<figure class=\"wp-block-image size-large\"><a href=\"https:\/\/bryggerikrogen.se\/wp-content\/uploads\/2026\/03\/konferens-1-scaled.jpg\"><img loading=\"lazy\" decoding=\"async\" width=\"1024\" height=\"1024\" src=\"https:\/\/bryggerikrogen.se\/wp-content\/uploads\/2026\/03\/konferens-1-1024x1024.jpg\" alt=\"\" class=\"wp-image-5040\" srcset=\"https:\/\/bryggerikrogen.se\/wp-content\/uploads\/2026\/03\/konferens-1-1024x1024.jpg 1024w, https:\/\/bryggerikrogen.se\/wp-content\/uploads\/2026\/03\/konferens-1-300x300.jpg 300w, https:\/\/bryggerikrogen.se\/wp-content\/uploads\/2026\/03\/konferens-1-150x150.jpg 150w, https:\/\/bryggerikrogen.se\/wp-content\/uploads\/2026\/03\/konferens-1-768x768.jpg 768w, https:\/\/bryggerikrogen.se\/wp-content\/uploads\/2026\/03\/konferens-1-1536x1536.jpg 1536w, https:\/\/bryggerikrogen.se\/wp-content\/uploads\/2026\/03\/konferens-1-2048x2048.jpg 2048w, https:\/\/bryggerikrogen.se\/wp-content\/uploads\/2026\/03\/konferens-1-1200x1200.jpg 1200w, https:\/\/bryggerikrogen.se\/wp-content\/uploads\/2026\/03\/konferens-1-1980x1980.jpg 1980w\" sizes=\"(max-width: 1024px) 100vw, 1024px\" \/><\/a><\/figure>\n<\/figure>\n\n\n\n<figure class=\"wp-block-gallery has-nested-images columns-default is-cropped wp-block-gallery-2 is-layout-flex wp-block-gallery-is-layout-flex\">\n<figure class=\"wp-block-image size-large\"><a href=\"https:\/\/bryggerikrogen.se\/wp-content\/uploads\/2026\/03\/restaurang-dag.jpg\"><img loading=\"lazy\" decoding=\"async\" width=\"768\" height=\"1024\" src=\"https:\/\/bryggerikrogen.se\/wp-content\/uploads\/2026\/03\/restaurang-dag-768x1024.jpg\" alt=\"\" class=\"wp-image-5030\" srcset=\"https:\/\/bryggerikrogen.se\/wp-content\/uploads\/2026\/03\/restaurang-dag-768x1024.jpg 768w, https:\/\/bryggerikrogen.se\/wp-content\/uploads\/2026\/03\/restaurang-dag-225x300.jpg 225w, https:\/\/bryggerikrogen.se\/wp-content\/uploads\/2026\/03\/restaurang-dag-1152x1536.jpg 1152w, https:\/\/bryggerikrogen.se\/wp-content\/uploads\/2026\/03\/restaurang-dag-1200x1599.jpg 1200w, https:\/\/bryggerikrogen.se\/wp-content\/uploads\/2026\/03\/restaurang-dag.jpg 1460w\" sizes=\"(max-width: 768px) 100vw, 768px\" \/><\/a><\/figure>\n<\/figure>\n\n\n\n<figure class=\"wp-block-image size-large\"><a href=\"https:\/\/bryggerikrogen.se\/wp-content\/uploads\/2026\/03\/julbord-buffet-foretag-scaled.jpg\"><img loading=\"lazy\" decoding=\"async\" width=\"768\" height=\"1024\" src=\"https:\/\/bryggerikrogen.se\/wp-content\/uploads\/2026\/03\/julbord-buffet-foretag-768x1024.jpg\" alt=\"\" class=\"wp-image-5035\" srcset=\"https:\/\/bryggerikrogen.se\/wp-content\/uploads\/2026\/03\/julbord-buffet-foretag-768x1024.jpg 768w, https:\/\/bryggerikrogen.se\/wp-content\/uploads\/2026\/03\/julbord-buffet-foretag-225x300.jpg 225w, https:\/\/bryggerikrogen.se\/wp-content\/uploads\/2026\/03\/julbord-buffet-foretag-1152x1536.jpg 1152w, https:\/\/bryggerikrogen.se\/wp-content\/uploads\/2026\/03\/julbord-buffet-foretag-1536x2048.jpg 1536w, https:\/\/bryggerikrogen.se\/wp-content\/uploads\/2026\/03\/julbord-buffet-foretag-1200x1600.jpg 1200w, https:\/\/bryggerikrogen.se\/wp-content\/uploads\/2026\/03\/julbord-buffet-foretag-1980x2640.jpg 1980w, https:\/\/bryggerikrogen.se\/wp-content\/uploads\/2026\/03\/julbord-buffet-foretag-scaled.jpg 1920w\" sizes=\"(max-width: 768px) 100vw, 768px\" \/><\/a><\/figure>\n<\/div>\n\n\n\n<div class=\"wp-block-column is-layout-flow wp-block-column-is-layout-flow\" style=\"flex-basis:65%\">\n<h5 class=\"wp-block-heading\">Fira jul med f\u00f6retaget  hos Bryggerikrogen<\/h5>\n\n\n\n<p>V\u00e4lkommen till Bryggerikrogens sociala julbord \u2013 h\u00e4r v\u00e4ntar en smakrik upplevelse som erat f\u00f6retag absolut inte vill missa!<br><br><strong>Det serverade julbordet i korthet<\/strong><\/p>\n\n\n\n<ul>\n<li>Njut av julens goda p\u00e5 ett alldeles speciellt s\u00e4tt \u2013 v\u00e5rt serverande julbord \u00e4r uppdelat i fem serveringar, s\u00e5 du kan ta god tid p\u00e5 dig att njuta av allt. Det man uppskattade extra mycket eller \u00e4r mer sugen p\u00e5 f\u00e5r man sj\u00e4lvklart mer av.  Ni kan helt enkelt sitta lugnt, stilla och njuta. <\/li>\n\n\n\n<li>\u00d6ppettider:&nbsp;onsdag till l\u00f6rdag, fr\u00e5n den 26\/11 till 19\/12. Om ni \u00e4r en grupp, tveka inte att h\u00f6ra av er \u2013 vi tar g\u00e4rna emot bokningar andra dagar ocks\u00e5!<\/li>\n\n\n\n<li>Fr\u00e5n 1-150p <\/li>\n\n\n\n<li>&nbsp;625kr\/person exklusive moms. <\/li>\n<\/ul>\n\n\n\n<h5 class=\"wp-block-heading\">Konferera hos oss<\/h5>\n\n\n\n<p>Vi disponerar flera olika konferenslokaler med plats upp till 140 personer. Givetvis erbjuder vi all den utrustning du beh\u00f6ver f\u00f6r ett klassiskt konferensuppl\u00e4gg. Boka din halv- eller heldagskonferens hos oss med m\u00f6jligheten att avsluta er konferens med en middag, t ex en avsmakningsmeny med utvalda viner.<br><br>Halvdags konferens 450kr\/person exklusive moms <br>Heldags konferens 650kr\/person exklusive moms<\/p>\n\n\n\n<p>Middag<br>3-r\u00e4tters 610kr\/person exklusive moms<br>Sociala menyn 620kr\/person exklusive moms <br>Avsmakningsmeny 800kr\/person exklusive moms <\/p>\n\n\n\n<p>Kontakta oss med din f\u00f6rfr\u00e5gan s\u00e5 hj\u00e4lper vi dig med offert och planering. <\/p>\n\n\n\n<p>\u00d6nskar ni att boka en helhetsupplevelse f\u00f6r er gourmet konferens s\u00e5 rekommenderar vi att boka hotellrum p\u00e5 <br> <a href=\"https:\/\/lillahotelletnora.se\/\">Lilla Hotellet Nora \u2013 Hemtrevligt boende p\u00e5 sekelgammalt hotell<\/a>  <br>Vi hj\u00e4lper er g\u00e4rna med detta! <\/p>\n\n\n\n<p>Telefon 0587-103 40<\/p>\n\n\n\n<p>Mail <a href=\"mailto:info@bryggerikrogen.se\">info@bryggerikrogen.se<\/a><\/p>\n\n\n\n<h5 class=\"wp-block-heading\">Lunch med  f\u00f6retaget  eller st\u00f6rre grupp<\/h5>\n\n\n\n<p>Luncherna p\u00e5 Bryggerikrogen \u00e4r god lagad mat fr\u00e5n grunden med stor variation. Vi serverar dagens lunch torsdag-l\u00f6rdag.<br>Det som ing\u00e5r i veckans lunch mer \u00e4n lunchen \u00e4r br\u00f6d, sm\u00f6r, bubbelvatten, kaffe &amp; kaka.<br>Dagar vi har \u00f6ppet 155kr\/person exklusive moms <br>Dagar vi \u00f6ppnar upp extra vid f\u00f6rfr\u00e5gningar 185kr\/person exklusive moms<\/p>\n\n\n\n<h5 class=\"wp-block-heading\">Dags f\u00f6r f\u00f6retagsfest? <\/h5>\n\n\n\n<p>Sj\u00e4lvklart l\u00f6ser vi p\u00e5 Bryggerikrogen \u00e4ven detta, vi skr\u00e4ddarsyr alla f\u00f6retagsfester sm\u00e5 som stora. <br>Skicka eran f\u00f6rfr\u00e5gan till oss l\u00f6ser vi n\u00e5got festligt. <\/p>\n\n\n\n<h5 class=\"wp-block-heading\">Varf\u00f6r Bryggerikrogen?<\/h5>\n\n\n\n<p>Bryggerikrogen \u00e4r inte bara en plats f\u00f6r god mat och dryck. Det \u00e4r en plats d\u00e4r m\u00e4nniskor m\u00f6ts och minnen skapas. <\/p>\n\n\n\n<p><strong>Unik atmosf\u00e4r.<\/strong>&nbsp;Bryggerikrogen bjuder p\u00e5 en alldeles unik atmosf\u00e4r som s\u00e4tter tonen f\u00f6r en riktigt minnesv\u00e4rd julupplevelse.<\/p>\n\n\n\n<p><strong>Kulinariska h\u00f6jdpunkter.<\/strong>&nbsp;V\u00e5rt julbord \u00e4r fyllt med lokala r\u00e5varor och traditionella smaker med en modern twist.<\/p>\n\n\n\n<p><strong>L\u00e4ttillg\u00e4nglig plats.<\/strong>&nbsp;Vi \u00e4r l\u00e4tta att hitta och har gener\u00f6sa \u00f6ppettider som passar ditt f\u00f6retags behov perfekt.<\/p>\n\n\n\n<p><strong>Rekommendationer<\/strong> <\/p>\n\n\n\n<p>&#8221;Under \u00e5ren har haft haft f\u00f6rm\u00e5nen att \u00e4ta julbord runt om i landet p\u00e5  flera h\u00f6gprofilerade restauranger med de mest namnkunniga kockarna. De  har ju s\u00e5klart som man kan v\u00e4nta sig varit helt magiska! Av ALLA dessa  st\u00e4llen s\u00e5 \u00e4r Bryggerikrogen i Nora den restaurang som matm\u00e4ssigt  levererar en julbordsupplevelse som jag tycker \u00e4r \u00f6ver allt annat. Det  blir mitt go-to st\u00e4lle \u00e4ven i \u00e5r och som jag ger min absoluta  rekommendation att bes\u00f6ka! <\/p>\n\n\n\n<p><em>Michael Swall del\u00e4gare  Pilotage <\/em> <\/p>\n\n\n\n<p>&#8221;Wow! Maten , lokalen och servicen var underbar. Bryggerikrogen har skapat ett annorlunda julbord som vi alla p\u00e5 \u00d6rebro hockey \u00e4lskade! Rekommenderas skarpt! &#8221;<\/p>\n\n\n\n<p><em>Tobias Foogde s\u00e4ljare \u00d6rebro hockey<\/em><\/p>\n\n\n\n<div class=\"wp-block-buttons is-layout-flex wp-block-buttons-is-layout-flex\"><\/div>\n<\/div>\n<\/div>\n\n\n\n<div class=\"wp-block-columns is-layout-flex wp-container-core-columns-layout-2 wp-block-columns-is-layout-flex\">\n<div class=\"wp-block-column is-layout-flow wp-block-column-is-layout-flow\" style=\"flex-basis:50%\"><\/div>\n\n\n\n<div class=\"wp-block-column is-layout-flow wp-block-column-is-layout-flow\" style=\"flex-basis:50%\">\n<p><\/p>\n<\/div>\n<\/div>\n<\/div><\/div>\n","protected":false},"excerpt":{"rendered":"<p>Fira jul med f\u00f6retaget hos Bryggerikrogen V\u00e4lkommen till Bryggerikrogens sociala julbord \u2013 h\u00e4r v\u00e4ntar en smakrik upplevelse som erat f\u00f6retag absolut inte vill missa! Det serverade julbordet i korthet Konferera hos oss Vi disponerar flera olika konferenslokaler med plats upp till 140 personer. Givetvis erbjuder vi all den utrustning du beh\u00f6ver f\u00f6r ett klassiskt konferensuppl\u00e4gg. [&hellip;]<\/p>\n","protected":false},"author":4,"featured_media":5029,"parent":0,"menu_order":0,"comment_status":"closed","ping_status":"closed","template":"","meta":{"footnotes":""},"_links":{"self":[{"href":"https:\/\/bryggerikrogen.se\/index.php?rest_route=\/wp\/v2\/pages\/2189"}],"collection":[{"href":"https:\/\/bryggerikrogen.se\/index.php?rest_route=\/wp\/v2\/pages"}],"about":[{"href":"https:\/\/bryggerikrogen.se\/index.php?rest_route=\/wp\/v2\/types\/page"}],"author":[{"embeddable":true,"href":"https:\/\/bryggerikrogen.se\/index.php?rest_route=\/wp\/v2\/users\/4"}],"replies":[{"embeddable":true,"href":"https:\/\/bryggerikrogen.se\/index.php?rest_route=%2Fwp%2Fv2%2Fcomments&post=2189"}],"version-history":[{"count":46,"href":"https:\/\/bryggerikrogen.se\/index.php?rest_route=\/wp\/v2\/pages\/2189\/revisions"}],"predecessor-version":[{"id":5041,"href":"https:\/\/bryggerikrogen.se\/index.php?rest_route=\/wp\/v2\/pages\/2189\/revisions\/5041"}],"wp:featuredmedia":[{"embeddable":true,"href":"https:\/\/bryggerikrogen.se\/index.php?rest_route=\/wp\/v2\/media\/5029"}],"wp:attachment":[{"href":"https:\/\/bryggerikrogen.se\/index.php?rest_route=%2Fwp%2Fv2%2Fmedia&parent=2189"}],"curies":[{"name":"wp","href":"https:\/\/api.w.org\/{rel}","templated":true}]}}